{"id":65,"date":"2022-09-30T17:27:54","date_gmt":"2022-09-30T17:27:54","guid":{"rendered":"https:\/\/ticino-restaurant.ch\/?page_id=65"},"modified":"2026-01-27T22:08:11","modified_gmt":"2026-01-27T22:08:11","slug":"restaurant-ticino","status":"publish","type":"page","link":"https:\/\/ticino-restaurant.ch\/","title":{"rendered":"Restaurant Ticino"},"content":{"rendered":"\n<h2 class=\"wp-block-heading\" id=\"h-das-alteste-restaurant-in-aarau\">Das \u00e4lteste Restaurant in Aarau<\/h2>\n\n\n\n<p>Willkommen im Restaurant Ticino<\/p>\n\n\n\n<p>Wir sind stolz darauf, die erste Pizzeria in Aarau zu sein! Seit 19 Jahren f\u00fchren wir unser Familienunternehmen mit Leidenschaft und bringen euch die echte italienische K\u00fcche: traditionell, frisch und mit viel Liebe zubereitet.<\/p>\n\n\n\n<p>Geniesse hausgemachte Pasta, knusprige Pizza und mediterrane sowie auch schweizer Spezialit\u00e4ten in einer gem\u00fctlichen, famili\u00e4ren Atmosph\u00e4re. Ob ein entspanntes Abendessen, ein Treffen mit Freunden oder eine Feier, bei uns erlebst du Italien mitten in der aarauer Altstadt.<\/p>\n\n\n\n<p>Geniessen Sie am Mittag unsere Tageskarte oder lassen Sie sich am Abend von Leckereien aus unserem \u00e0 La Carte Angebot verf\u00fchren.<\/p>\n\n\n\n<p>Kommen Sie vorbei und lassen Sie Sich von uns kulinarisch verw\u00f6hnen!<\/p>\n\n\n\n<div class=\"wp-block-buttons alignwide is-content-justification-center is-layout-flex wp-container-core-buttons-is-layout-16018d1d wp-block-buttons-is-layout-flex\"><\/div>\n\n\n\n<p class=\"has-small-font-size\"><\/p>\n\n\n\n<blockquote class=\"wp-block-quote is-layout-flow wp-block-quote-is-layout-flow\">\n<p>&#8222;<em>Essen ist die Sprache, die uns verbindet und die Seele n\u00e4hrt&#8220;<\/em><\/p>\n<\/blockquote>\n\n\n\n<div class=\"wp-block-cover\" style=\"min-height:467px;aspect-ratio:unset;\"><img decoding=\"async\" class=\"wp-block-cover__image-background\" alt=\"\" src=\"https:\/\/ticino-restaurant.ch\/wp-content\/uploads\/2022\/09\/IMG_0078-scaled.jpg\" data-object-fit=\"cover\"\/><span aria-hidden=\"true\" class=\"wp-block-cover__background has-background-dim\"><\/span><div class=\"wp-block-cover__inner-container is-layout-flow wp-block-cover-is-layout-flow\">\n<p class=\"has-text-align-center has-large-font-size\"><\/p>\n<\/div><\/div>\n\n\n\n<blockquote class=\"wp-block-quote is-style-default is-layout-flow wp-block-quote-is-layout-flow\">\n<p><\/p>\n<\/blockquote>\n\n\n\n<p><\/p>\n","protected":false},"excerpt":{"rendered":"<p>Das \u00e4lteste Restaurant in Aarau Willkommen im Restaurant Ticino Wir sind stolz darauf, die erste Pizzeria in Aarau zu sein! Seit 19 Jahren f\u00fchren wir unser Familienunternehmen mit Leidenschaft und bringen euch die echte italienische K\u00fcche: traditionell, frisch und mit viel Liebe zubereitet. Geniesse hausgemachte Pasta, knusprige Pizza und mediterrane sowie auch schweizer Spezialit\u00e4ten in <a href=\"https:\/\/ticino-restaurant.ch\/\" class=\"more-link\">[&hellip;]<\/a><\/p>\n","protected":false},"author":3,"featured_media":0,"parent":0,"menu_order":0,"comment_status":"closed","ping_status":"closed","template":"","meta":{"_monsterinsights_skip_tracking":false,"_monsterinsights_sitenote_active":false,"_monsterinsights_sitenote_note":"","_monsterinsights_sitenote_category":0,"_uf_show_specific_survey":0,"_uf_disable_surveys":false,"footnotes":""},"class_list":["post-65","page","type-page","status-publish","hentry"],"yoast_head":"<!-- This site is optimized with the Yoast SEO Premium plugin v23.5 (Yoast SEO v27.3) - https:\/\/yoast.com\/product\/yoast-seo-premium-wordpress\/ -->\n<title>\u00c4lteste Pizzeria in Aarau | Restaurant Ticino<\/title>\n<meta name=\"description\" content=\"Im Herzen der Stadt Aarau heissen wir Sie in einem famili\u00e4ren Ambiente willkommen und verw\u00f6hnen Sie mit hausgemachten Kreationen.\" \/>\n<meta name=\"robots\" content=\"index, follow, max-snippet:-1, max-image-preview:large, max-video-preview:-1\" \/>\n<link rel=\"canonical\" href=\"https:\/\/ticino-restaurant.ch\/\" \/>\n<meta property=\"og:locale\" content=\"de_DE\" \/>\n<meta property=\"og:type\" content=\"article\" \/>\n<meta property=\"og:title\" content=\"Restaurant Ticino\" \/>\n<meta property=\"og:description\" content=\"Im Herzen der Stadt Aarau heissen wir Sie in einem famili\u00e4ren Ambiente willkommen und verw\u00f6hnen Sie mit hausgemachten Kreationen.\" \/>\n<meta property=\"og:url\" content=\"https:\/\/ticino-restaurant.ch\/\" \/>\n<meta property=\"og:site_name\" content=\"Restaurant Ticino\" \/>\n<meta property=\"article:modified_time\" content=\"2026-01-27T22:08:11+00:00\" \/>\n<meta property=\"og:image\" content=\"https:\/\/ticino-restaurant.ch\/wp-content\/uploads\/2022\/09\/IMG_0078-scaled.jpg\" \/>\n<meta name=\"twitter:card\" content=\"summary_large_image\" \/>\n<meta name=\"twitter:label1\" content=\"Gesch\u00e4tzte Lesezeit\" \/>\n\t<meta name=\"twitter:data1\" content=\"1\u00a0Minute\" \/>\n<script type=\"application\/ld+json\" class=\"yoast-schema-graph\">{\"@context\":\"https:\\\/\\\/schema.org\",\"@graph\":[{\"@type\":\"WebPage\",\"@id\":\"https:\\\/\\\/ticino-restaurant.ch\\\/\",\"url\":\"https:\\\/\\\/ticino-restaurant.ch\\\/\",\"name\":\"\u00c4lteste Pizzeria in Aarau | Restaurant Ticino\",\"isPartOf\":{\"@id\":\"https:\\\/\\\/ticino-restaurant.ch\\\/#website\"},\"primaryImageOfPage\":{\"@id\":\"https:\\\/\\\/ticino-restaurant.ch\\\/#primaryimage\"},\"image\":{\"@id\":\"https:\\\/\\\/ticino-restaurant.ch\\\/#primaryimage\"},\"thumbnailUrl\":\"https:\\\/\\\/ticino-restaurant.ch\\\/wp-content\\\/uploads\\\/2022\\\/09\\\/IMG_0078-scaled.jpg\",\"datePublished\":\"2022-09-30T17:27:54+00:00\",\"dateModified\":\"2026-01-27T22:08:11+00:00\",\"description\":\"Im Herzen der Stadt Aarau heissen wir Sie in einem famili\u00e4ren Ambiente willkommen und verw\u00f6hnen Sie mit hausgemachten Kreationen.\",\"breadcrumb\":{\"@id\":\"https:\\\/\\\/ticino-restaurant.ch\\\/#breadcrumb\"},\"inLanguage\":\"de\",\"potentialAction\":[{\"@type\":\"ReadAction\",\"target\":[\"https:\\\/\\\/ticino-restaurant.ch\\\/\"]}]},{\"@type\":\"ImageObject\",\"inLanguage\":\"de\",\"@id\":\"https:\\\/\\\/ticino-restaurant.ch\\\/#primaryimage\",\"url\":\"https:\\\/\\\/ticino-restaurant.ch\\\/wp-content\\\/uploads\\\/2022\\\/09\\\/IMG_0078-scaled.jpg\",\"contentUrl\":\"https:\\\/\\\/ticino-restaurant.ch\\\/wp-content\\\/uploads\\\/2022\\\/09\\\/IMG_0078-scaled.jpg\",\"width\":2560,\"height\":1920},{\"@type\":\"BreadcrumbList\",\"@id\":\"https:\\\/\\\/ticino-restaurant.ch\\\/#breadcrumb\",\"itemListElement\":[{\"@type\":\"ListItem\",\"position\":1,\"name\":\"Startseite\",\"item\":\"https:\\\/\\\/ticino-restaurant.ch\\\/\"},{\"@type\":\"ListItem\",\"position\":2,\"name\":\"Restaurant Ticino\"}]},{\"@type\":\"WebSite\",\"@id\":\"https:\\\/\\\/ticino-restaurant.ch\\\/#website\",\"url\":\"https:\\\/\\\/ticino-restaurant.ch\\\/\",\"name\":\"ticino-restaurant\",\"description\":\"Die &auml;lteste Pizzeria in Aarau\",\"publisher\":{\"@id\":\"https:\\\/\\\/ticino-restaurant.ch\\\/#organization\"},\"potentialAction\":[{\"@type\":\"SearchAction\",\"target\":{\"@type\":\"EntryPoint\",\"urlTemplate\":\"https:\\\/\\\/ticino-restaurant.ch\\\/?s={search_term_string}\"},\"query-input\":{\"@type\":\"PropertyValueSpecification\",\"valueRequired\":true,\"valueName\":\"search_term_string\"}}],\"inLanguage\":\"de\"},{\"@type\":\"Organization\",\"@id\":\"https:\\\/\\\/ticino-restaurant.ch\\\/#organization\",\"name\":\"Restaurant & Pizzeria Ticino\",\"url\":\"https:\\\/\\\/ticino-restaurant.ch\\\/\",\"logo\":{\"@type\":\"ImageObject\",\"inLanguage\":\"de\",\"@id\":\"https:\\\/\\\/ticino-restaurant.ch\\\/#\\\/schema\\\/logo\\\/image\\\/\",\"url\":\"https:\\\/\\\/ticino-restaurant.ch\\\/wp-content\\\/uploads\\\/2022\\\/09\\\/cropped-cropped-color-1.png\",\"contentUrl\":\"https:\\\/\\\/ticino-restaurant.ch\\\/wp-content\\\/uploads\\\/2022\\\/09\\\/cropped-cropped-color-1.png\",\"width\":512,\"height\":512,\"caption\":\"Restaurant & Pizzeria Ticino\"},\"image\":{\"@id\":\"https:\\\/\\\/ticino-restaurant.ch\\\/#\\\/schema\\\/logo\\\/image\\\/\"}}]}<\/script>\n<!-- \/ Yoast SEO Premium plugin. -->","yoast_head_json":{"title":"\u00c4lteste Pizzeria in Aarau | Restaurant Ticino","description":"Im Herzen der Stadt Aarau heissen wir Sie in einem famili\u00e4ren Ambiente willkommen und verw\u00f6hnen Sie mit hausgemachten Kreationen.","robots":{"index":"index","follow":"follow","max-snippet":"max-snippet:-1","max-image-preview":"max-image-preview:large","max-video-preview":"max-video-preview:-1"},"canonical":"https:\/\/ticino-restaurant.ch\/","og_locale":"de_DE","og_type":"article","og_title":"Restaurant Ticino","og_description":"Im Herzen der Stadt Aarau heissen wir Sie in einem famili\u00e4ren Ambiente willkommen und verw\u00f6hnen Sie mit hausgemachten Kreationen.","og_url":"https:\/\/ticino-restaurant.ch\/","og_site_name":"Restaurant Ticino","article_modified_time":"2026-01-27T22:08:11+00:00","og_image":[{"url":"https:\/\/ticino-restaurant.ch\/wp-content\/uploads\/2022\/09\/IMG_0078-scaled.jpg","type":"","width":"","height":""}],"twitter_card":"summary_large_image","twitter_misc":{"Gesch\u00e4tzte Lesezeit":"1\u00a0Minute"},"schema":{"@context":"https:\/\/schema.org","@graph":[{"@type":"WebPage","@id":"https:\/\/ticino-restaurant.ch\/","url":"https:\/\/ticino-restaurant.ch\/","name":"\u00c4lteste Pizzeria in Aarau | Restaurant Ticino","isPartOf":{"@id":"https:\/\/ticino-restaurant.ch\/#website"},"primaryImageOfPage":{"@id":"https:\/\/ticino-restaurant.ch\/#primaryimage"},"image":{"@id":"https:\/\/ticino-restaurant.ch\/#primaryimage"},"thumbnailUrl":"https:\/\/ticino-restaurant.ch\/wp-content\/uploads\/2022\/09\/IMG_0078-scaled.jpg","datePublished":"2022-09-30T17:27:54+00:00","dateModified":"2026-01-27T22:08:11+00:00","description":"Im Herzen der Stadt Aarau heissen wir Sie in einem famili\u00e4ren Ambiente willkommen und verw\u00f6hnen Sie mit hausgemachten Kreationen.","breadcrumb":{"@id":"https:\/\/ticino-restaurant.ch\/#breadcrumb"},"inLanguage":"de","potentialAction":[{"@type":"ReadAction","target":["https:\/\/ticino-restaurant.ch\/"]}]},{"@type":"ImageObject","inLanguage":"de","@id":"https:\/\/ticino-restaurant.ch\/#primaryimage","url":"https:\/\/ticino-restaurant.ch\/wp-content\/uploads\/2022\/09\/IMG_0078-scaled.jpg","contentUrl":"https:\/\/ticino-restaurant.ch\/wp-content\/uploads\/2022\/09\/IMG_0078-scaled.jpg","width":2560,"height":1920},{"@type":"BreadcrumbList","@id":"https:\/\/ticino-restaurant.ch\/#breadcrumb","itemListElement":[{"@type":"ListItem","position":1,"name":"Startseite","item":"https:\/\/ticino-restaurant.ch\/"},{"@type":"ListItem","position":2,"name":"Restaurant Ticino"}]},{"@type":"WebSite","@id":"https:\/\/ticino-restaurant.ch\/#website","url":"https:\/\/ticino-restaurant.ch\/","name":"ticino-restaurant","description":"Die &auml;lteste Pizzeria in Aarau","publisher":{"@id":"https:\/\/ticino-restaurant.ch\/#organization"},"potentialAction":[{"@type":"SearchAction","target":{"@type":"EntryPoint","urlTemplate":"https:\/\/ticino-restaurant.ch\/?s={search_term_string}"},"query-input":{"@type":"PropertyValueSpecification","valueRequired":true,"valueName":"search_term_string"}}],"inLanguage":"de"},{"@type":"Organization","@id":"https:\/\/ticino-restaurant.ch\/#organization","name":"Restaurant & Pizzeria Ticino","url":"https:\/\/ticino-restaurant.ch\/","logo":{"@type":"ImageObject","inLanguage":"de","@id":"https:\/\/ticino-restaurant.ch\/#\/schema\/logo\/image\/","url":"https:\/\/ticino-restaurant.ch\/wp-content\/uploads\/2022\/09\/cropped-cropped-color-1.png","contentUrl":"https:\/\/ticino-restaurant.ch\/wp-content\/uploads\/2022\/09\/cropped-cropped-color-1.png","width":512,"height":512,"caption":"Restaurant & Pizzeria Ticino"},"image":{"@id":"https:\/\/ticino-restaurant.ch\/#\/schema\/logo\/image\/"}}]}},"_links":{"self":[{"href":"https:\/\/ticino-restaurant.ch\/index.php?rest_route=\/wp\/v2\/pages\/65","targetHints":{"allow":["GET"]}}],"collection":[{"href":"https:\/\/ticino-restaurant.ch\/index.php?rest_route=\/wp\/v2\/pages"}],"about":[{"href":"https:\/\/ticino-restaurant.ch\/index.php?rest_route=\/wp\/v2\/types\/page"}],"author":[{"embeddable":true,"href":"https:\/\/ticino-restaurant.ch\/index.php?rest_route=\/wp\/v2\/users\/3"}],"replies":[{"embeddable":true,"href":"https:\/\/ticino-restaurant.ch\/index.php?rest_route=%2Fwp%2Fv2%2Fcomments&post=65"}],"version-history":[{"count":52,"href":"https:\/\/ticino-restaurant.ch\/index.php?rest_route=\/wp\/v2\/pages\/65\/revisions"}],"predecessor-version":[{"id":878,"href":"https:\/\/ticino-restaurant.ch\/index.php?rest_route=\/wp\/v2\/pages\/65\/revisions\/878"}],"wp:attachment":[{"href":"https:\/\/ticino-restaurant.ch\/index.php?rest_route=%2Fwp%2Fv2%2Fmedia&parent=65"}],"curies":[{"name":"wp","href":"https:\/\/api.w.org\/{rel}","templated":true}]}}